{"id":117,"date":"2024-10-24T17:22:32","date_gmt":"2024-10-24T17:22:32","guid":{"rendered":"https:\/\/institutodeltrauma.com\/?page_id=117"},"modified":"2025-02-10T16:00:06","modified_gmt":"2025-02-10T16:00:06","slug":"el-sindrome-post-aborto","status":"publish","type":"page","link":"https:\/\/institutodeltrauma.com\/index.php\/el-sindrome-post-aborto\/","title":{"rendered":"Trastorno de estr\u00e9s postraum\u00e1tico"},"content":{"rendered":"\n<p>El vocablo trauma proviene del griego y significa herida .Trauma es todo evento (o serie de eventos ) que son emocionalmente intensos hasta el punto de desbordar nuestros recursos internos de afrontamiento . Los efectos del trauma tienen impacto  en nuestro funcionamiento y en nuestro bienestar mental, emocional , f\u00edsico y\/o espiritual. Cuando los efectos del trauma persisten en el tiempo pueden convertirse en un trastorno de estr\u00e9s postraum\u00e1tico .<\/p>\n\n\n\n<p>QUE \u00c9S EL TRASTORNO DE ESTR\u00c9S POSTRAUM\u00c1TICO ( TEPT) <\/p>\n\n\n\n<p>Los efectos persistentes del trauma detonan una respuesta de nuestra biologia que reacciona con una sintomatologia que nos permite determinar que ese evento o serie de eventos nos han impactado de tal forma que se han convertido en un s\u00edndrome o trastorno que no se soluciona con el paso del tiempo. La herida que nos caus\u00f3 el evento ( o eventos) necesita ser sanada para que podamos volver a recuperar nuestro equilibrio.<\/p>\n\n\n\n<p>SINTOMATOLOGIA DEL TEPT <\/p>\n\n\n\n<p>Cuando sufrimos TEPT , padecemos una sintomatologia que gira entorno a 4 categor\u00edas :<\/p>\n\n\n\n<p>1.- Re-experimentaci\u00f3n del trauma en forma de flashbacks, sue\u00f1os y\/o pesadillas recurrentes<\/p>\n\n\n\n<p>2.-Evitaci\u00f3n persistente : evitar lugares, personas, eventos u objetos que nos recuerden la experiencia <\/p>\n\n\n\n<p>3.-Aumento de la excitaci\u00f3n y\/o reactividad : dificultades para concentrarse, para dormir, sentirse tenso, irritable o en guardia <\/p>\n\n\n\n<p>4.-Trastornos cognitivos y del estado de \u00e1nimo : pensamientos negativos sobre uno mismo o el mundo, sentimientos exagerados de culpa y\/o verg\u00faenza dirigidos hacia uno mismo o hacia los dem\u00e1s , p\u00e9rdida de inter\u00e9s en actividades que antes resultaban placenteras, aislamiento social .<\/p>\n\n\n\n<p>CUANDO SE CONSIDERA QUE UNA PERSONA SUFRE TEPT?<\/p>\n\n\n\n<p>Se considera que una persona sufre TEPT si al menos durante 1 mes presenta :<\/p>\n\n\n\n<p>Al menos un s\u00edntoma relacionado con la reexperimentaci\u00f3n<\/p>\n\n\n\n<p>Al menos un s\u00edntoma de evitaci\u00f3n <\/p>\n\n\n\n<p>Al menos dos s\u00edntomas de excitaci\u00f3n y reactividad<\/p>\n\n\n\n<p>Al menos dos s\u00edntomas cognitivos y an\u00edmicos <\/p>\n\n\n\n<p>CU\u00c1NTO DURA EL TEPT <\/p>\n\n\n\n<p>El trastorno de estr\u00e9s postraum\u00e1tico puede prolongarse en el tiempo , desde semanas , meses y hasta a\u00f1os .  A veces puede suceder que durante un tiempo los s\u00edntomas de TEPT se aten\u00faan o aparentemente , est\u00e1 latente y puede reaparecer de nuevo con otro suceso vital que lo detone : puede ser con otra p\u00e9rdida vital significativa , puede ser con la b\u00fasqueda de un embarazo si previamente ha habido un aborto, o con el nacimiento de un hijo tras un aborto. Tambi\u00e9n existen algunos estudios que confirman que la ansiedad asociada a los s\u00edntomas de TEPT puede estar interfiriendo en la b\u00fasqueda de un nuevo embarazo<\/p>\n\n\n\n<p>SINDROME POST ABORTO <\/p>\n\n\n\n<p><a href=\"https:\/\/institutodeltrauma.com\/index.php\/sindrome-post-aborto\/\" data-type=\"page\" data-id=\"144\">Seguir leyendoS\u00edndrome Post Aborto es una forma de PTSD<\/a><\/p>\n\n\n\n<p><\/p>\n","protected":false},"excerpt":{"rendered":"<p>El vocablo trauma proviene del griego y significa herida .Trauma es todo evento (o serie de eventos ) que son emocionalmente intensos hasta el punto de desbordar nuestros recursos internos de afrontamiento . Los efectos del trauma tienen impacto en nuestro funcionamiento y en nuestro bienestar mental, emocional , f\u00edsico y\/o espiritual. Cuando los efectos &hellip; <\/p>\n<p class=\"link-more\"><a href=\"https:\/\/institutodeltrauma.com\/index.php\/el-sindrome-post-aborto\/\" class=\"more-link\">Read more<span class=\"screen-reader-text\"> &#8220;Trastorno de estr\u00e9s postraum\u00e1tico&#8221;<\/span><\/a><\/p>\n","protected":false},"author":1,"featured_media":118,"parent":0,"menu_order":0,"comment_status":"closed","ping_status":"closed","template":"","meta":{"footnotes":""},"class_list":["post-117","page","type-page","status-publish","has-post-thumbnail","hentry"],"_links":{"self":[{"href":"https:\/\/institutodeltrauma.com\/index.php\/wp-json\/wp\/v2\/pages\/117","targetHints":{"allow":["GET"]}}],"collection":[{"href":"https:\/\/institutodeltrauma.com\/index.php\/wp-json\/wp\/v2\/pages"}],"about":[{"href":"https:\/\/institutodeltrauma.com\/index.php\/wp-json\/wp\/v2\/types\/page"}],"author":[{"embeddable":true,"href":"https:\/\/institutodeltrauma.com\/index.php\/wp-json\/wp\/v2\/users\/1"}],"replies":[{"embeddable":true,"href":"https:\/\/institutodeltrauma.com\/index.php\/wp-json\/wp\/v2\/comments?post=117"}],"version-history":[{"count":5,"href":"https:\/\/institutodeltrauma.com\/index.php\/wp-json\/wp\/v2\/pages\/117\/revisions"}],"predecessor-version":[{"id":331,"href":"https:\/\/institutodeltrauma.com\/index.php\/wp-json\/wp\/v2\/pages\/117\/revisions\/331"}],"wp:featuredmedia":[{"embeddable":true,"href":"https:\/\/institutodeltrauma.com\/index.php\/wp-json\/wp\/v2\/media\/118"}],"wp:attachment":[{"href":"https:\/\/institutodeltrauma.com\/index.php\/wp-json\/wp\/v2\/media?parent=117"}],"curies":[{"name":"wp","href":"https:\/\/api.w.org\/{rel}","templated":true}]}}