{"id":144,"date":"2024-10-25T15:38:31","date_gmt":"2024-10-25T15:38:31","guid":{"rendered":"https:\/\/institutodeltrauma.com\/?page_id=144"},"modified":"2024-10-29T17:06:27","modified_gmt":"2024-10-29T17:06:27","slug":"sindrome-post-aborto","status":"publish","type":"page","link":"https:\/\/institutodeltrauma.com\/index.php\/sindrome-post-aborto\/","title":{"rendered":"S\u00edndrome Post Aborto es una forma de PTSD"},"content":{"rendered":"\n<p class=\"has-text-align-left\">EL s\u00edndrome post aborto es una forma de trastorno de estr\u00e9s postraum\u00e1tico que la gran mayor\u00eda de mujeres experimentan en alg\u00fan momento despu\u00e9s de un aborto voluntario . Los s\u00edntomas del s\u00edndrome post aborto no necesariamente aparecen todos al mismo tiempo ni es tampoco probable que una mujer experimente toda la lista .Algunos se pueden presentar inmediatamente despu\u00e9s del aborto y otros mucho mas tarde ( pueden ser a\u00f1os) . Si una mujer experimenta dos o m\u00e1s de estos s\u00edntomas es posible que est\u00e9 experimentando el s\u00edndrome post aborto .<\/p>\n\n\n\n<p>A continuaci\u00f3n se presentan los s\u00edntomas que describen el s\u00edndrome post aborto (c.f Dr Pauly Ten Reisser )<\/p>\n\n\n\n<p><strong>SINTOMATOLOGIA DEL SINDROME POST ABORTO &nbsp;(SPA)<\/strong><\/p>\n\n\n\n<p>Cuando una mujer sufre el s\u00edndrome post aborto padece &nbsp;una sintomatolog\u00eda que exactamente igual que el trastorno de estr\u00e9s postraum\u00e1tico gira en torno a 4 categor\u00edas :<\/p>\n\n\n\n<p><strong>1.- Reexperimentaci\u00f3n del trauma <\/strong>en forma de flashbacks, sue\u00f1os y\/o pesadillas recurrentes.<\/p>\n\n\n\n<p><strong>2.-Evitaci\u00f3n persistente <\/strong>: evitar lugares, personas, eventos u objetos que nos recuerden la experiencia. En el caso del SPA la mujer comenzar\u00e1 a evitar todo lo que tenga que ver con beb\u00e9s ( no reunirse con amigas que tengan beb\u00e9s , no pasar por tiendas de ropitas de beb\u00e9s, evitar los parques infantiles , etc )<\/p>\n\n\n\n<p><strong>3.-Aumento de la excitaci\u00f3n y\/o reactividad : <\/strong>dificultades para concentrarse, para dormir. &nbsp;En el caso del SPA es muy com\u00fan la ansiedad. La ansiedad se define como un estado fisico y emocional desagradable de aprensi\u00f3n que puede tomar la forma de tensi\u00f3n ( incapacidad para relajarse , irritabilidad) , respuestas f\u00edsicas ( mareos, palpitaciones, malestar estomacal, dolores de cabeza, etc) .El conflicto entre los est\u00e1ndares morales de una mujer y su decisi\u00f3n de abortar genera gran parte de esa ansiedad. Muy a menudo la mujer no relaciona su ansiedad con el aborto.<\/p>\n\n\n\n<p><strong>4.-Trastornos cognitivos y del estado de \u00e1nimo :<\/strong><\/p>\n\n\n\n<ul class=\"wp-block-list\">\n<li>Pensamientos negativos sobre si misma : deterioro de la autoestima y del concepto de s\u00ed misma<\/li>\n\n\n\n<li>\u00a0Sobre todo, en el SPA sentimientos muy intensos de culpa, reproches y frecuentemente tambi\u00e9n sentimientos de verg\u00fcenza.<\/li>\n\n\n\n<li>Depresi\u00f3n desde un \u00a0\u00a0estado de \u00e1nimo triste que puede ir desde melancol\u00eda, desesperanza total y pensamientos suicidas .<\/li>\n\n\n\n<li>Tambi\u00e9n episodios repentinos e incontrolables de llanto cuyo detonante parece ser un completo misterio<\/li>\n\n\n\n<li>Disminuci\u00f3n o desaparici\u00f3n del deseo sexual <\/li>\n\n\n\n<li>P\u00e9rdida de inter\u00e9s en actividades que antes resultaban placenteras,<\/li>\n\n\n\n<li>Aislamiento social .<\/li>\n<\/ul>\n\n\n\n<p>El SPA es un trastorno que puede durar a\u00f1os e incluso d\u00e9cadas si no se trata . Igual que el trastorno de estr\u00e9s postraum\u00e1tico (TEPT) puede desaparecer o mejorar por un tiempo y tras un detonante , volver a reaparecer incluso muchos a\u00f1os despu\u00e9s de que el aborto haya tenido lugar . Si eres una mujer que has sufrido un aborto , busca ayuda profesional para recuperarte y recuperar tu vida. <\/p>\n\n\n\n<p><\/p>\n\n\n\n<p>l<\/p>\n\n\n\n<p><\/p>\n","protected":false},"excerpt":{"rendered":"<p>EL s\u00edndrome post aborto es una forma de trastorno de estr\u00e9s postraum\u00e1tico que la gran mayor\u00eda de mujeres experimentan en alg\u00fan momento despu\u00e9s de un aborto voluntario . Los s\u00edntomas del s\u00edndrome post aborto no necesariamente aparecen todos al mismo tiempo ni es tampoco probable que una mujer experimente toda la lista .Algunos se pueden &hellip; <\/p>\n<p class=\"link-more\"><a href=\"https:\/\/institutodeltrauma.com\/index.php\/sindrome-post-aborto\/\" class=\"more-link\">Read more<span class=\"screen-reader-text\"> &#8220;S\u00edndrome Post Aborto es una forma de PTSD&#8221;<\/span><\/a><\/p>\n","protected":false},"author":1,"featured_media":73,"parent":0,"menu_order":0,"comment_status":"closed","ping_status":"closed","template":"","meta":{"footnotes":""},"class_list":["post-144","page","type-page","status-publish","has-post-thumbnail","hentry"],"_links":{"self":[{"href":"https:\/\/institutodeltrauma.com\/index.php\/wp-json\/wp\/v2\/pages\/144","targetHints":{"allow":["GET"]}}],"collection":[{"href":"https:\/\/institutodeltrauma.com\/index.php\/wp-json\/wp\/v2\/pages"}],"about":[{"href":"https:\/\/institutodeltrauma.com\/index.php\/wp-json\/wp\/v2\/types\/page"}],"author":[{"embeddable":true,"href":"https:\/\/institutodeltrauma.com\/index.php\/wp-json\/wp\/v2\/users\/1"}],"replies":[{"embeddable":true,"href":"https:\/\/institutodeltrauma.com\/index.php\/wp-json\/wp\/v2\/comments?post=144"}],"version-history":[{"count":7,"href":"https:\/\/institutodeltrauma.com\/index.php\/wp-json\/wp\/v2\/pages\/144\/revisions"}],"predecessor-version":[{"id":173,"href":"https:\/\/institutodeltrauma.com\/index.php\/wp-json\/wp\/v2\/pages\/144\/revisions\/173"}],"wp:featuredmedia":[{"embeddable":true,"href":"https:\/\/institutodeltrauma.com\/index.php\/wp-json\/wp\/v2\/media\/73"}],"wp:attachment":[{"href":"https:\/\/institutodeltrauma.com\/index.php\/wp-json\/wp\/v2\/media?parent=144"}],"curies":[{"name":"wp","href":"https:\/\/api.w.org\/{rel}","templated":true}]}}