{"id":188,"date":"2024-10-30T12:58:24","date_gmt":"2024-10-30T12:58:24","guid":{"rendered":"https:\/\/institutodeltrauma.com\/?page_id=188"},"modified":"2025-02-19T17:49:50","modified_gmt":"2025-02-19T17:49:50","slug":"duelo","status":"publish","type":"page","link":"https:\/\/institutodeltrauma.com\/index.php\/duelo\/","title":{"rendered":"El duelo de la IVE"},"content":{"rendered":"\n<p>Cuando los seres humanos perdemos algo o alguien que es importante para nosotros necesitamos transitar un proceso para elaborar y dar sentido a esa p\u00e9rdida . Ese proceso que transitamos , en principio de forma &#8220;natural&#8221; se denomina duelo. Se ha escrito mucho sobre las etapas del duelo , en realidad son fases de este proceso que no siempre son lineales y que no siempre son iguales en cada persona ni en cada situaci\u00f3n de p\u00e9rdida , ni tienen la misma duraci\u00f3n para todas las personas .<\/p>\n\n\n\n<p class=\"has-text-align-left\"> La mayor\u00eda de las mujeres que sufren la p\u00e9rdida de un embarazo atraviesan un periodo de duelo :tristeza, dolor, aturdimiento, e incluso de culpa e ira pero gradualmente estos sentimientos se van aliviando hasta que finalmente les resulta posible aceptar la p\u00e9rdida y seguir adelante. <\/p>\n\n\n\n<p>Sin embargo las circunstancias que rodean la IVE  hacen que en la mayor\u00eda de los casos la mujer no se permita sentir dolor por la p\u00e9rdida , ya que ella decidi\u00f3 voluntariamente no llevar adelante el embarazo .El duelo por IVE es una duelo privado de derechos , un duelo negado o minimizado y estas caracter\u00edsticas que van a provocar que el duelo no se transite lo que contribuye a que f\u00e1cilmente pueda convertirse en lo que se denomina un duelo &#8220;complicado&#8221;<\/p>\n\n\n\n<p><strong>QUE \u00c9S UN DUELO COMPLICADO?<\/strong><\/p>\n\n\n\n<p>Mientras que los s\u00edntomas del duelo normal comienzan a desaparecer gradualmente con el paso del tiempo en otros casos los s\u00edntomas persisten o a veces empeoran , el duelo no avanza, entra &#8220;en bucle &#8221; o est\u00e1 detenido . O no se siente nada , porque el dolor se ha reprimido , se ha minimizado o las emociones son muy  dolorosas duran tanto y son tan intensas que la mujer se encuentra &#8220;tomada &#8221; por ellas y le resulta muy dif\u00edcil recuperarse de la p\u00e9rdida y continuar adelante con su vida . Las circunstancias que rodean a la IVE provocan que en la mayor\u00eda de las ocasiones la mujer viva intensos  sentimientos de culpa que no consiguen resolverse. y tambi\u00e9n estas emociones no resueltas le impiden avanzar en las etapas del duelo.<\/p>\n\n\n\n<p><strong>CUALES SON LOS SINTOMAS DEL DUELO COMPLICADO<\/strong><\/p>\n\n\n\n<p>Estos suelen ser los s\u00edntomas m\u00e1s comunes que pueden indicar la existencia de un duelo complicado. No tienen porqu\u00e9 darse todos a la vez en la misma persona .<\/p>\n\n\n\n<p>Depresi\u00f3n, ansiedad, tristeza profunda, dolor y pensamientos constantes acerca de la p\u00e9rdida <\/p>\n\n\n\n<p>Sentimientos de culpa y autorreproches <\/p>\n\n\n\n<p>A\u00f1oranza intensa por ese ser que no lleg\u00f3 a nacer <\/p>\n\n\n\n<p>Alteraciones del sue\u00f1o significativas <\/p>\n\n\n\n<p>Sentimientos de que la vida no tiene sentido ni prop\u00f3sito <\/p>\n\n\n\n<p>Secretamente piensas que desearias haber muerto con el <\/p>\n\n\n\n<p>Dificultades para concentrarte y falta de inter\u00e9s en cuestiones que no tengan que ver con tu p\u00e9rdida <\/p>\n\n\n\n<p>Aislamiento social <\/p>\n\n\n\n<p>Abuso de sustancias para tratar de mitigar el dolor <\/p>\n\n\n\n<p><\/p>\n\n\n\n<p class=\"has-text-align-left\"><strong>QU\u00c9 HACER ANTE UN DUELO COMPLICADO<\/strong><\/p>\n\n\n\n<p>Si te sientes identificada en todo o en parte con esta sintomatolog\u00eda , pide ayuda para resolver el duelo El paso del tiempo no resuelve el duelo cuando se ha convertido en un duelo complicado. <\/p>\n\n\n\n<p><\/p>\n\n\n\n<p><\/p>\n","protected":false},"excerpt":{"rendered":"<p>Cuando los seres humanos perdemos algo o alguien que es importante para nosotros necesitamos transitar un proceso para elaborar y dar sentido a esa p\u00e9rdida . Ese proceso que transitamos , en principio de forma &#8220;natural&#8221; se denomina duelo. Se ha escrito mucho sobre las etapas del duelo , en realidad son fases de este &hellip; <\/p>\n<p class=\"link-more\"><a href=\"https:\/\/institutodeltrauma.com\/index.php\/duelo\/\" class=\"more-link\">Read more<span class=\"screen-reader-text\"> &#8220;El duelo de la IVE&#8221;<\/span><\/a><\/p>\n","protected":false},"author":1,"featured_media":73,"parent":0,"menu_order":0,"comment_status":"closed","ping_status":"closed","template":"","meta":{"footnotes":""},"class_list":["post-188","page","type-page","status-publish","has-post-thumbnail","hentry"],"_links":{"self":[{"href":"https:\/\/institutodeltrauma.com\/index.php\/wp-json\/wp\/v2\/pages\/188","targetHints":{"allow":["GET"]}}],"collection":[{"href":"https:\/\/institutodeltrauma.com\/index.php\/wp-json\/wp\/v2\/pages"}],"about":[{"href":"https:\/\/institutodeltrauma.com\/index.php\/wp-json\/wp\/v2\/types\/page"}],"author":[{"embeddable":true,"href":"https:\/\/institutodeltrauma.com\/index.php\/wp-json\/wp\/v2\/users\/1"}],"replies":[{"embeddable":true,"href":"https:\/\/institutodeltrauma.com\/index.php\/wp-json\/wp\/v2\/comments?post=188"}],"version-history":[{"count":18,"href":"https:\/\/institutodeltrauma.com\/index.php\/wp-json\/wp\/v2\/pages\/188\/revisions"}],"predecessor-version":[{"id":376,"href":"https:\/\/institutodeltrauma.com\/index.php\/wp-json\/wp\/v2\/pages\/188\/revisions\/376"}],"wp:featuredmedia":[{"embeddable":true,"href":"https:\/\/institutodeltrauma.com\/index.php\/wp-json\/wp\/v2\/media\/73"}],"wp:attachment":[{"href":"https:\/\/institutodeltrauma.com\/index.php\/wp-json\/wp\/v2\/media?parent=188"}],"curies":[{"name":"wp","href":"https:\/\/api.w.org\/{rel}","templated":true}]}}