{"id":22,"date":"2024-10-23T13:12:19","date_gmt":"2024-10-23T13:12:19","guid":{"rendered":"http:\/\/institutodeltrauma.com\/?page_id=22"},"modified":"2025-02-19T18:41:53","modified_gmt":"2025-02-19T18:41:53","slug":"acerca-de","status":"publish","type":"page","link":"https:\/\/institutodeltrauma.com\/index.php\/acerca-de\/","title":{"rendered":"Acerca del Instituto"},"content":{"rendered":"\n<div style=\"height:33px\" aria-hidden=\"true\" class=\"wp-block-spacer\"><\/div>\n\n\n\n<h2 class=\"wp-block-heading has-text-align-center has-tertiary-color has-white-background-color has-text-color has-background has-link-color has-medium-font-size wp-elements-f4f84e9c9ad9d923925adf110104e220\" id=\"inspiro-is-a-digital-product-agency-that-focuses-on-strategy-and-design\" style=\"font-style:normal;font-weight:100\"><strong>INSTITUTO DEL TRAUMA<\/strong> es un lugar para la recuperaci\u00f3n del trauma provocado por la p\u00e9rdida voluntaria de un embarazo .Aqu\u00ed vas a encontrar compasi\u00f3n, apoyo y ayuda especializada para sanar tu herida<\/h2>\n\n\n\n<div class=\"wp-block-columns alignwide is-layout-flex wp-container-core-columns-is-layout-28f84493 wp-block-columns-is-layout-flex\">\n<div class=\"wp-block-column is-layout-flow wp-block-column-is-layout-flow\">\n<figure class=\"wp-block-image size-full\"><img loading=\"lazy\" decoding=\"async\" width=\"724\" height=\"483\" src=\"http:\/\/institutodeltrauma.com\/wp-content\/uploads\/2024\/10\/iStock-1209425897.jpg\" alt=\"\" class=\"wp-image-73\" srcset=\"https:\/\/institutodeltrauma.com\/wp-content\/uploads\/2024\/10\/iStock-1209425897.jpg 724w, https:\/\/institutodeltrauma.com\/wp-content\/uploads\/2024\/10\/iStock-1209425897-300x200.jpg 300w\" sizes=\"auto, (max-width: 724px) 100vw, 724px\" \/><figcaption class=\"wp-element-caption\"> <\/figcaption><\/figure>\n\n\n\n<p class=\"has-black-color has-text-color has-small-font-size\">INTERRUPCI\u00d3N VOLUNTARIA DEL EMBARAZO<\/p>\n\n\n\n<p class=\"has-text-color\" style=\"color:#7a7a7a\">Para muchas mujeres la decisi\u00f3n de someterse a un aborto puede ser una de las experiencias m\u00e1s dif\u00edciles y emocionalmente desafiantes de sus vidas. Al principio es muy habitual sentir un alivio inmediato despu\u00e9s del procedimiento : la crisis ha terminado y pueden seguir con sus vidas como si nada hubiera pasado pero la realidad que se revela con el tiempo es que el aborto deja una herida profunda y supurante en el alma de una mujer .<a href=\"https:\/\/institutodeltrauma.com\/index.php\/interrupcion-voluntaria-del-embarazo\/\" data-type=\"page\" data-id=\"94\">seguir leyendo <\/a><\/p>\n<\/div>\n\n\n\n<div class=\"wp-block-column is-layout-flow wp-block-column-is-layout-flow\">\n<figure class=\"wp-block-image size-full\"><img loading=\"lazy\" decoding=\"async\" width=\"832\" height=\"419\" src=\"https:\/\/institutodeltrauma.com\/wp-content\/uploads\/2024\/10\/iStock-1513072392.jpg\" alt=\"QUE ES TRAUMA?\" class=\"wp-image-74\" srcset=\"https:\/\/institutodeltrauma.com\/wp-content\/uploads\/2024\/10\/iStock-1513072392.jpg 832w, https:\/\/institutodeltrauma.com\/wp-content\/uploads\/2024\/10\/iStock-1513072392-300x151.jpg 300w\" sizes=\"auto, (max-width: 832px) 100vw, 832px\" \/><\/figure>\n\n\n\n<p class=\"has-black-color has-text-color has-small-font-size\">SINDROME POST ABORTO Y TRASTORNO DE ESTR\u00c9S POSTRAUM\u00c1TICO ( TEPT)<\/p>\n\n\n\n<p>Antes de hablar de estr\u00e9s postraum\u00e1tico y sindrome post aborto es necesario clarificar de que hablamos cuando hablamos de trauma .A nivel popular existe la creencia que trauma es s\u00f3lo cuando sufrimos un evento extraordinario, imprevisto y con potencial de poner en riesgo nuestra vida ( un accidente, una cat\u00e1strofe natural , etc). Estos serian ejemplos de lo que la psicologia cataloga como traumas con T pero traumas con t ocurren o pueden ocurrir en nuestra vida, s\u00f3lo que nadie nos explic\u00f3 que eso que nos ocurri\u00f3 era o podia ser un trauma con t . Por este desconocimiento tendemos a minimizarlos o a restarle el impacto que los traumas con t tienen  o pueden tener en nuestra salud mental y emocional y en ocasiones tambi\u00e9n en la f\u00edsica .<a href=\"https:\/\/institutodeltrauma.com\/index.php\/el-sindrome-post-aborto\/\" data-type=\"page\" data-id=\"117\">Seguir leyendo<\/a><\/p>\n\n\n\n<p><\/p>\n\n\n\n<p><\/p>\n\n\n\n<p class=\"has-text-color\" style=\"color:#7a7a7a\">.<\/p>\n<\/div>\n<\/div>\n\n\n\n<div style=\"height:100px\" aria-hidden=\"true\" class=\"wp-block-spacer\"><\/div>\n\n\n\n<p><\/p>\n","protected":false},"excerpt":{"rendered":"<p>INSTITUTO DEL TRAUMA es un lugar para la recuperaci\u00f3n del trauma provocado por la p\u00e9rdida voluntaria de un embarazo .Aqu\u00ed vas a encontrar compasi\u00f3n, apoyo y ayuda especializada para sanar tu herida INTERRUPCI\u00d3N VOLUNTARIA DEL EMBARAZO Para muchas mujeres la decisi\u00f3n de someterse a un aborto puede ser una de las experiencias m\u00e1s dif\u00edciles y &hellip; <\/p>\n<p class=\"link-more\"><a href=\"https:\/\/institutodeltrauma.com\/index.php\/acerca-de\/\" class=\"more-link\">Read more<span class=\"screen-reader-text\"> &#8220;Acerca del Instituto&#8221;<\/span><\/a><\/p>\n","protected":false},"author":1,"featured_media":43,"parent":0,"menu_order":0,"comment_status":"closed","ping_status":"closed","template":"","meta":{"footnotes":""},"class_list":["post-22","page","type-page","status-publish","has-post-thumbnail","hentry"],"_links":{"self":[{"href":"https:\/\/institutodeltrauma.com\/index.php\/wp-json\/wp\/v2\/pages\/22","targetHints":{"allow":["GET"]}}],"collection":[{"href":"https:\/\/institutodeltrauma.com\/index.php\/wp-json\/wp\/v2\/pages"}],"about":[{"href":"https:\/\/institutodeltrauma.com\/index.php\/wp-json\/wp\/v2\/types\/page"}],"author":[{"embeddable":true,"href":"https:\/\/institutodeltrauma.com\/index.php\/wp-json\/wp\/v2\/users\/1"}],"replies":[{"embeddable":true,"href":"https:\/\/institutodeltrauma.com\/index.php\/wp-json\/wp\/v2\/comments?post=22"}],"version-history":[{"count":29,"href":"https:\/\/institutodeltrauma.com\/index.php\/wp-json\/wp\/v2\/pages\/22\/revisions"}],"predecessor-version":[{"id":382,"href":"https:\/\/institutodeltrauma.com\/index.php\/wp-json\/wp\/v2\/pages\/22\/revisions\/382"}],"wp:featuredmedia":[{"embeddable":true,"href":"https:\/\/institutodeltrauma.com\/index.php\/wp-json\/wp\/v2\/media\/43"}],"wp:attachment":[{"href":"https:\/\/institutodeltrauma.com\/index.php\/wp-json\/wp\/v2\/media?parent=22"}],"curies":[{"name":"wp","href":"https:\/\/api.w.org\/{rel}","templated":true}]}}