{"id":386,"date":"2025-02-21T12:49:57","date_gmt":"2025-02-21T12:49:57","guid":{"rendered":"https:\/\/institutodeltrauma.com\/?page_id=386"},"modified":"2025-02-21T13:20:18","modified_gmt":"2025-02-21T13:20:18","slug":"nuestras-tarifas-escalables","status":"publish","type":"page","link":"https:\/\/institutodeltrauma.com\/index.php\/nuestras-tarifas-escalables\/","title":{"rendered":"Nuestras Tarifas Escalables"},"content":{"rendered":"\n<p>Recuperarse del trauma est\u00e1 a tu alcance.&nbsp;En el Instituto queremos que la terapia pueda llegar a&nbsp;todas aquellas mujeres que lo necesiten. Somos conscientes del impacto y de las repercusiones que tiene el trauma no sanado en la salud mental, en el bienestar y en el futuro de una mujer. Por eso hemos hemos implementado una serie de medidas orientadas a que la terapia pueda llegar al mayor n\u00famero de mujeres que sea posible .<\/p>\n\n\n\n<p>1.-Disponemos de un Sistema de Tarifas Escalable en funci\u00f3n de tu situaci\u00f3n econ\u00f3mica. <\/p>\n\n\n\n<p>2.-La terapia que utilizamos en el Instituto para el reprocesamiento del material traum\u00e1tico (EMDR) es una terapia es una de las m\u00e1s eficaces y utilizadas en el mundo del trauma , hace ya m\u00e1s de 30 a\u00f1os con excelentes resultados y se caracteriza adem\u00e1s de su efectividad,  por ser una terapia de corta duraci\u00f3n ,est\u00e1 dise\u00f1ada por fases y cada fase cumple un objetivo para dar paso a la siguiente, no consiste en vernos para hablar y dar vueltas , el paciente sabe en d\u00f3nde estamos y a d\u00f3nde vamos.<\/p>\n\n\n\n<p>3.-Siempre que es posible dise\u00f1amos material y recursos para autoaplicaci\u00f3n  ( por ej, para regular tu sistema nervioso de forma puedas hacerlo por tu cuenta sin necesidad de contar con sesiones o con la presencia del terapeuta para trabajar en tu recuperaci\u00f3n)<\/p>\n\n\n\n<p>Si est\u00e1s interesada, agenda una llamada en el apartado de <a href=\"https:\/\/institutodeltrauma.com\/index.php\/contacto-2\/\" data-type=\"page\" data-id=\"23\">Contacto<\/a> de esta web y te proporcionaremos m\u00e1s informaci\u00f3n <a href=\"https:\/\/institutodeltrauma.com\/index.php\/nuestras-tarifas-escalables\/\" data-type=\"page\" data-id=\"386\">Nuestras Tarifas Escalables<\/a><\/p>\n\n\n\n<p><\/p>\n\n\n\n<p><\/p>\n","protected":false},"excerpt":{"rendered":"<p>Recuperarse del trauma est\u00e1 a tu alcance.&nbsp;En el Instituto queremos que la terapia pueda llegar a&nbsp;todas aquellas mujeres que lo necesiten. Somos conscientes del impacto y de las repercusiones que tiene el trauma no sanado en la salud mental, en el bienestar y en el futuro de una mujer. Por eso hemos hemos implementado una &hellip; <\/p>\n<p class=\"link-more\"><a href=\"https:\/\/institutodeltrauma.com\/index.php\/nuestras-tarifas-escalables\/\" class=\"more-link\">Read more<span class=\"screen-reader-text\"> &#8220;Nuestras Tarifas Escalables&#8221;<\/span><\/a><\/p>\n","protected":false},"author":1,"featured_media":0,"parent":0,"menu_order":0,"comment_status":"closed","ping_status":"closed","template":"","meta":{"footnotes":""},"class_list":["post-386","page","type-page","status-publish","hentry"],"_links":{"self":[{"href":"https:\/\/institutodeltrauma.com\/index.php\/wp-json\/wp\/v2\/pages\/386","targetHints":{"allow":["GET"]}}],"collection":[{"href":"https:\/\/institutodeltrauma.com\/index.php\/wp-json\/wp\/v2\/pages"}],"about":[{"href":"https:\/\/institutodeltrauma.com\/index.php\/wp-json\/wp\/v2\/types\/page"}],"author":[{"embeddable":true,"href":"https:\/\/institutodeltrauma.com\/index.php\/wp-json\/wp\/v2\/users\/1"}],"replies":[{"embeddable":true,"href":"https:\/\/institutodeltrauma.com\/index.php\/wp-json\/wp\/v2\/comments?post=386"}],"version-history":[{"count":8,"href":"https:\/\/institutodeltrauma.com\/index.php\/wp-json\/wp\/v2\/pages\/386\/revisions"}],"predecessor-version":[{"id":401,"href":"https:\/\/institutodeltrauma.com\/index.php\/wp-json\/wp\/v2\/pages\/386\/revisions\/401"}],"wp:attachment":[{"href":"https:\/\/institutodeltrauma.com\/index.php\/wp-json\/wp\/v2\/media?parent=386"}],"curies":[{"name":"wp","href":"https:\/\/api.w.org\/{rel}","templated":true}]}}