{"id":94,"date":"2024-10-24T12:12:59","date_gmt":"2024-10-24T12:12:59","guid":{"rendered":"https:\/\/institutodeltrauma.com\/?page_id=94"},"modified":"2025-02-11T13:33:09","modified_gmt":"2025-02-11T13:33:09","slug":"interrupcion-voluntaria-del-embarazo","status":"publish","type":"page","link":"https:\/\/institutodeltrauma.com\/index.php\/interrupcion-voluntaria-del-embarazo\/","title":{"rendered":"Interrupci\u00f3n Voluntaria del Embarazo"},"content":{"rendered":"\n<p>Para muchas mujeres la decisi\u00f3n de someterse a un aborto puede ser una de las experiencias m\u00e1s dif\u00edciles y desafiantes de sus vidas , sea cual sea la causa que en su momento le llev\u00f3 a la interrupci\u00f3n . Al principio se puede sentir un alivio inmediato , una liberaci\u00f3n tras el procedimiento o la intervenci\u00f3n : la crisis ha terminado y puede seguir con su vidas como si nada hubiera sucedido. Pero la realidad es que el aborto deja una herida profunda y supurante en el alma de una mujer .<\/p>\n\n\n\n<p class=\"has-text-align-left\">Igual que sucede con la p\u00e9rdida voluntaria , a nivel social y tambi\u00e9n m\u00e9dico en la mayor\u00eda  de las ocasiones , se niega esta realidad , lo que deja todav\u00eda a la mujer m\u00e1s confusa , m\u00e1s desorientada , m\u00e1s sola y m\u00e1s aislada ante un dolor emocional que en ocasiones es muy intenso y perturbador .<\/p>\n\n\n\n<p class=\"has-text-align-left\">A menudo surgen intensos sentimientos de culpa, de verg\u00fcenza y arrepentimiento que no encuentran salida ni consuelo y que dan lugar a veces en una sensaci\u00f3n de vaci\u00f3 y desesperaci\u00f3n . Estas emociones pueden manifestarse de muchas maneras :<\/p>\n\n\n\n<p>Depresi\u00f3n <\/p>\n\n\n\n<p>Ansiedad <\/p>\n\n\n\n<p>Abuso de sustancias <\/p>\n\n\n\n<p>Pesadillas recurrentes<\/p>\n\n\n\n<p>Pensamientos suicidas y dificultades para formar y mantener relaciones <\/p>\n\n\n\n<p>Es com\u00fan que las mujeres repriman estas emociones, creyendo que simplemente deben seguir adelante y olvidar el pasado  Sin embargo la carga de llevar en sus hombros el secreto de un aborto puede ser abrumadora y puede tener efectos duraderos e importantes en la vida de una mujer en sus m\u00faltiples facetas : actuar como freno para la consecuci\u00f3n de un nuevo embarazo, afectar a su sexualidad, a su autoestima, a su autoconcepto, a su merecimiento, a su relaci\u00f3n de pareja si sigue con el padre del beb\u00e9 que perdi\u00f3. <\/p>\n\n\n\n<p>Las consecuencias del aborto no siempre aparecen de forma inmediata. En muchas ocasiones la reacci\u00f3n m\u00e1s inmediata es la de alivio , el incidente se sepulta en el fondo de la conciencia para no pensar m\u00e1s en lo sucedido y seguir adelante con la vida pero toda la carga emocional que no se ha procesado sigue ah\u00ed y se va a detonar con mucha probabilidad en alg\u00fan momento de la vida de la mujer: puede ser cuando intente quedarse embarazada de nuevo, con la misma u otra preja , a veces cuando se ha quedado ya embarazada y nace su nuevo hijo . En ocasiones aparece muchos a\u00f1os despu\u00e9s , a veces con la llegada de la menopausia a veces otra p\u00e9rdida vital importante hace estallar el trauma del aborto no procesado.<\/p>\n\n\n\n<p>Si eres una mujer que ha sufrido un aborto voluntario en el pasado y hoy est\u00e1s luchando con emociones intensas como el arrepentimiento , el dolor, la  culpa tienes que saber que hay esperanza y sanaci\u00f3n y que puedes llegar a darle un lugar en tu coraz\u00f3n a ese hijo no nacido , reconciliarte contigo y con el pasado.<\/p>\n\n\n\n<p>SINDROME POST ABORTO Sigue Leyendo <\/p>\n\n\n\n<p class=\"has-small-font-size\"> <a href=\"https:\/\/institutodeltrauma.com\/index.php\/sindrome-post-aborto\/\" data-type=\"page\" data-id=\"144\">S\u00edndrome Post Aborto es una forma de PTSD<\/a><\/p>\n\n\n\n<p><\/p>\n","protected":false},"excerpt":{"rendered":"<p>Para muchas mujeres la decisi\u00f3n de someterse a un aborto puede ser una de las experiencias m\u00e1s dif\u00edciles y desafiantes de sus vidas , sea cual sea la causa que en su momento le llev\u00f3 a la interrupci\u00f3n . Al principio se puede sentir un alivio inmediato , una liberaci\u00f3n tras el procedimiento o la &hellip; <\/p>\n<p class=\"link-more\"><a href=\"https:\/\/institutodeltrauma.com\/index.php\/interrupcion-voluntaria-del-embarazo\/\" class=\"more-link\">Read more<span class=\"screen-reader-text\"> &#8220;Interrupci\u00f3n Voluntaria del Embarazo&#8221;<\/span><\/a><\/p>\n","protected":false},"author":1,"featured_media":73,"parent":0,"menu_order":0,"comment_status":"closed","ping_status":"closed","template":"","meta":{"footnotes":""},"class_list":["post-94","page","type-page","status-publish","has-post-thumbnail","hentry"],"_links":{"self":[{"href":"https:\/\/institutodeltrauma.com\/index.php\/wp-json\/wp\/v2\/pages\/94","targetHints":{"allow":["GET"]}}],"collection":[{"href":"https:\/\/institutodeltrauma.com\/index.php\/wp-json\/wp\/v2\/pages"}],"about":[{"href":"https:\/\/institutodeltrauma.com\/index.php\/wp-json\/wp\/v2\/types\/page"}],"author":[{"embeddable":true,"href":"https:\/\/institutodeltrauma.com\/index.php\/wp-json\/wp\/v2\/users\/1"}],"replies":[{"embeddable":true,"href":"https:\/\/institutodeltrauma.com\/index.php\/wp-json\/wp\/v2\/comments?post=94"}],"version-history":[{"count":12,"href":"https:\/\/institutodeltrauma.com\/index.php\/wp-json\/wp\/v2\/pages\/94\/revisions"}],"predecessor-version":[{"id":340,"href":"https:\/\/institutodeltrauma.com\/index.php\/wp-json\/wp\/v2\/pages\/94\/revisions\/340"}],"wp:featuredmedia":[{"embeddable":true,"href":"https:\/\/institutodeltrauma.com\/index.php\/wp-json\/wp\/v2\/media\/73"}],"wp:attachment":[{"href":"https:\/\/institutodeltrauma.com\/index.php\/wp-json\/wp\/v2\/media?parent=94"}],"curies":[{"name":"wp","href":"https:\/\/api.w.org\/{rel}","templated":true}]}}